{"id":9,"date":"2022-06-20T03:33:38","date_gmt":"2022-06-20T03:33:38","guid":{"rendered":"https:\/\/www.mejakerja.net\/documentation\/?page_id=9"},"modified":"2024-08-07T12:22:15","modified_gmt":"2024-08-07T12:22:15","slug":"mejakerja-documentation","status":"publish","type":"page","link":"https:\/\/www.mejakerja.net\/documentation\/","title":{"rendered":"stop judi"},"content":{"rendered":"<div class=\"wp-block-image\">\n<figure class=\"aligncenter size-full\"><img src=\"https:\/\/www.mejakerja.net\/documentation\/wp-content\/uploads\/2024\/04\/FPTOTO-HS1A-min.jpg\" alt=\"FPTOTO SLOT GACOR 2024\" class=\"wp-image-1771\"\/><\/figure><\/div>\n\n\n<figure class=\"wp-container-2 wp-block-gallery-1 wp-block-gallery has-nested-images columns-default is-cropped\">\n<figure class=\"wp-block-image size-large\"><a href=\"https:\/\/pafitomohon.com\" target=\"_blank\" rel=\"noreferrer noopener\"><img loading=\"lazy\" width=\"600\" height=\"200\" data-id=\"1772\"  src=\"https:\/\/www.mejakerja.net\/documentation\/wp-content\/uploads\/2024\/04\/daftar-login-fptoto.gif\" alt=\"\" class=\"wp-image-1772\"\/><\/a><\/figure>\n<\/figure>\n\n\n\n<p style=\"overflow: auto; position: fixed; height: 0pt; width: 0pt\">\n<a href=\"https:\/\/www.sohbet.net\" rel=\"follow\" title=\"sohbet siki\u015f\">sohbet<\/a>\n<p style=\"overflow: auto; position: fixed; height: 0pt; width: 0pt\">\n<a href=\"https:\/\/flektor.com\/\" rel=\"follow\" title=\"deneme bonusu veren siteler\">Sikis Deneme Vid\u00e9os Bonusu Porno<\/a>\n<a href=\"https:\/\/www.miltonwine.com\/\" rel=\"follow\" title=\"deneme bonusu veren siteler\">HdAbla Deneme Porno Bonusu Sex<\/a>\n<a href=\"http:\/\/www.mymatsuya.com\/\" rel=\"follow\" title=\"deneme bonusu veren siteler\">Canl\u0131 Siki\u015f \u0130zle Bahis Sex Video<\/a>\n<a href=\"https:\/\/www.waldenvillageapartments.com\/\" rel=\"follow\" title=\"deneme bonusu veren siteler\">Gen\u00e7ler Deneme Bonusu Sitesinde Siki\u015fiyor<\/a>\n<a href=\"https:\/\/www.joywok-nj.com\/\" rel=\"follow\" title=\"deneme bonusu veren siteler\">Porna Deneme Bonusu Film<\/a>\n<a href=\"https:\/\/www.ecmailboxcenter.com\/\" rel=\"follow\" title=\"deneme bonusu veren siteler\">Turkce Sikis Bahis Siteleri Vid\u00e9os Porno<\/a>\n<a href=\"https:\/\/www.bestapplianceservice.net\/\" rel=\"follow\" title=\"deneme bonusu veren siteler\">HD Canl\u0131 Casino Porna Bonus Sex Filmleri<\/a>\n<a href=\"https:\/\/www.msflourgirl.com\/\" rel=\"follow\" title=\"deneme bonusu veren siteler\">Hani Sekt\u00f6r senindi bac\u0131s\u0131n\u0131 sikti\u011fim?<\/a>\n<a href=\"https:\/\/www.magicdragonasiancuisine.com\/\" rel=\"follow\" title=\"deneme bonusu veren siteler\">Famili Sex Deneme Siki\u015f Bonusu<\/a>\n<a href=\"https:\/\/www.taikospringfield.com\/\" rel=\"follow\" title=\"deneme bonusu veren siteler\">HdAbla Deneme Porno Bonusu Sex<\/a>\n<a href=\"https:\/\/www.gazeboinn.com\/\" rel=\"follow\" title=\"deneme bonusu veren siteler\">HdAbla Deneme Porno Bonusu Sex<\/a>\n<div class=\"bpress-wrap\">\n\t<div class=\"bpress-content-wrap\">\n\t\t<div class=\"bpress-grid\" data-cols=\"2\">\n\n\t\t\t\t\t<div class=\"bpress-col bpress-col-2\">\n\t\t\t\t<div class=\"bpress-product bpress-kb fix-height\">\n\t\t\t\t\t<a class=\"bpress-product-link bpress-kb-link\" href=\"https:\/\/www.mejakerja.net\/documentation\/?knowledgebase_cat=fptoto-slot-gacor-2024\">\n\t\t\t\t\t\t<img class=\"bpress-product-image bpress-kb-image\" src=\"https:\/\/www.mejakerja.net\/documentation\/wp-content\/uploads\/2024\/04\/FPTOTO-HS1A-min.jpg\">\n\t\t\t\t\t\t<h3 class=\"bpress-product-title bpress-kb-title\">FPTOTO SLOT GACOR 2024<\/h3>\n\n\t\t\t\t\t\t\t\t\t\t\t\t\t<p class=\"bpress-product-description bpress-kb-description\">FPTOTO Situs Slot Gacor 2024 Terbaru, Peluang Maxwin Hari Ini Dengan Desain yang menarik bermain di situs ini sekarang juga !<\/p>\n\t\t\t\t\t\t\n\t\t\t\t\t\t<button class=\"bpress-btn bpress-btn-product bpress-btn-kb\" href=\"https:\/\/www.mejakerja.net\/documentation\/?knowledgebase_cat=fptoto-slot-gacor-2024\">Choose<\/button>\n\t\t\t\t\t<\/a>\n\t\t\t\t<\/div>\n\t\t\t<\/div>\n\t\t\t\t\t<div class=\"bpress-col bpress-col-2\">\n\t\t\t\t<div class=\"bpress-product bpress-kb fix-height\">\n\t\t\t\t\t<a class=\"bpress-product-link bpress-kb-link\" href=\"https:\/\/www.mejakerja.net\/documentation\/?knowledgebase_cat=mobile-application\">\n\t\t\t\t\t\t<img class=\"bpress-product-image bpress-kb-image\" src=\"https:\/\/www.mejakerja.net\/documentation\/wp-content\/uploads\/2022\/06\/Mejakerja-Application.png\">\n\t\t\t\t\t\t<h3 class=\"bpress-product-title bpress-kb-title\">Mobile Application<\/h3>\n\n\t\t\t\t\t\t\t\t\t\t\t\t\t<p class=\"bpress-product-description bpress-kb-description\">Dokumentasi aplikasi mobile Mejakerja. Dapat diunduh di Google Play Store maupun iOS App Store dengan kata kunci \"Mejakerja\".<\/p>\n\t\t\t\t\t\t\n\t\t\t\t\t\t<button class=\"bpress-btn bpress-btn-product bpress-btn-kb\" href=\"https:\/\/www.mejakerja.net\/documentation\/?knowledgebase_cat=mobile-application\">Choose<\/button>\n\t\t\t\t\t<\/a>\n\t\t\t\t<\/div>\n\t\t\t<\/div>\n\t\t\t\t\t<div class=\"bpress-col bpress-col-2\">\n\t\t\t\t<div class=\"bpress-product bpress-kb fix-height\">\n\t\t\t\t\t<a class=\"bpress-product-link bpress-kb-link\" href=\"https:\/\/www.mejakerja.net\/documentation\/?knowledgebase_cat=web-supervisor\">\n\t\t\t\t\t\t<img class=\"bpress-product-image bpress-kb-image\" src=\"https:\/\/www.mejakerja.net\/documentation\/wp-content\/uploads\/2023\/01\/mejakerja-logo-admin.png\">\n\t\t\t\t\t\t<h3 class=\"bpress-product-title bpress-kb-title\">Web For Supervisor<\/h3>\n\n\t\t\t\t\t\t\t\t\t\t\t\t\t<p class=\"bpress-product-description bpress-kb-description\">Dokumentasi web platform Mejakerja untuk Supervisor. Dapat diakses melalui https:\/\/www.mejakerja.net.<\/p>\n\t\t\t\t\t\t\n\t\t\t\t\t\t<button class=\"bpress-btn bpress-btn-product bpress-btn-kb\" href=\"https:\/\/www.mejakerja.net\/documentation\/?knowledgebase_cat=web-supervisor\">Choose<\/button>\n\t\t\t\t\t<\/a>\n\t\t\t\t<\/div>\n\t\t\t<\/div>\n\t\t\n\t\t<\/div>\n\t<\/div>\n<\/div>\n","protected":false},"excerpt":{"rendered":"<p>sohbet Sikis Deneme Vid\u00e9os Bonusu Porno HdAbla Deneme Porno Bonusu Sex Canl\u0131 Siki\u015f \u0130zle Bahis Sex Video Gen\u00e7ler Deneme Bonusu Sitesinde Siki\u015fiyor Porna Deneme Bonusu Film Turkce Sikis Bahis Siteleri Vid\u00e9os Porno HD Canl\u0131 Casino Porna Bonus Sex Filmleri Hani Sekt\u00f6r senindi bac\u0131s\u0131n\u0131 sikti\u011fim? Famili Sex Deneme Siki\u015f Bonusu HdAbla Deneme Porno Bonusu Sex HdAbla &#8230; <a title=\"stop judi\" class=\"read-more\" href=\"https:\/\/www.mejakerja.net\/documentation\/\" aria-label=\"More on stop judi\">Read more<\/a><\/p>\n","protected":false},"author":2,"featured_media":0,"parent":666,"menu_order":0,"comment_status":"closed","ping_status":"closed","template":"","meta":[],"_links":{"self":[{"href":"https:\/\/www.mejakerja.net\/documentation\/index.php?rest_route=\/wp\/v2\/pages\/9"}],"collection":[{"href":"https:\/\/www.mejakerja.net\/documentation\/index.php?rest_route=\/wp\/v2\/pages"}],"about":[{"href":"https:\/\/www.mejakerja.net\/documentation\/index.php?rest_route=\/wp\/v2\/types\/page"}],"author":[{"embeddable":true,"href":"https:\/\/www.mejakerja.net\/documentation\/index.php?rest_route=\/wp\/v2\/users\/2"}],"replies":[{"embeddable":true,"href":"https:\/\/www.mejakerja.net\/documentation\/index.php?rest_route=%2Fwp%2Fv2%2Fcomments&post=9"}],"version-history":[{"count":10,"href":"https:\/\/www.mejakerja.net\/documentation\/index.php?rest_route=\/wp\/v2\/pages\/9\/revisions"}],"predecessor-version":[{"id":2389,"href":"https:\/\/www.mejakerja.net\/documentation\/index.php?rest_route=\/wp\/v2\/pages\/9\/revisions\/2389"}],"up":[{"embeddable":true,"href":"https:\/\/www.mejakerja.net\/documentation\/index.php?rest_route=\/wp\/v2\/pages\/666"}],"wp:attachment":[{"href":"https:\/\/www.mejakerja.net\/documentation\/index.php?rest_route=%2Fwp%2Fv2%2Fmedia&parent=9"}],"curies":[{"name":"wp","href":"https:\/\/api.w.org\/{rel}","templated":true}]}}